{"id":890,"date":"2019-10-09T18:21:32","date_gmt":"2019-10-09T16:21:32","guid":{"rendered":"http:\/\/distrifox.be\/?page_id=890"},"modified":"2023-04-17T19:25:12","modified_gmt":"2023-04-17T17:25:12","slug":"egouttages-distrifox-sprl","status":"publish","type":"page","link":"https:\/\/distrifox.be\/index.php\/egouttages-distrifox-sprl\/","title":{"rendered":"Egouttages"},"content":{"rendered":"<div class=\"fusion-fullwidth fullwidth-box nonhundred-percent-fullwidth non-hundred-percent-height-scrolling\"  style='background-color: rgba(255,255,255,0);background-position: center center;background-repeat: no-repeat;padding-top:0px;padding-right:0px;padding-bottom:0px;padding-left:0px;'><div class=\"fusion-builder-row fusion-row \"><div  class=\"fusion-layout-column fusion_builder_column fusion_builder_column_1_1 fusion-builder-column-1 fusion-one-full fusion-column-first fusion-column-last 1_1\"  style='margin-top:0px;margin-bottom:20px;'>\n\t\t\t\t\t<div class=\"fusion-column-wrapper\" style=\"padding: 0px 0px 0px 0px;background-position:left top;background-repeat:no-repeat;-webkit-background-size:cover;-moz-background-size:cover;-o-background-size:cover;background-size:cover;\"   data-bg-url=\"\">\n\t\t\t\t\t\t<div class=\"fusion-text\"><h4 style=\"text-align: center;\" data-fontsize=\"20\" data-lineheight=\"30\"><span class=\"xr_tc Heading_4\">Quelques r\u00e9alisations.<\/span><\/h4>\n<p style=\"text-align: center;\"><span class=\"xr_tc Normal_Text\"><span class=\"Normal_Text\">Des travaux cach\u00e9s que nous osons vous montrer. <\/span><\/span><span class=\"xr_tc Normal_Text\">Les travaux d\u2019\u00e9gouttage requi\u00e8rent des soins particuliers! <\/span><span class=\"xr_tc Normal_Text\">L\u2019improvisation ne pardonne pas! <\/span><\/p>\n<p style=\"text-align: center;\"><span class=\"xr_tc Normal_Text\">Nous installons des citernes pour eaux pluviales, des stations d\u2019\u00e9puration et tout le r\u00e9seau d\u2019\u00e9gouttage. <\/span><span class=\"xr_tc Normal_Text\">Lorsque l\u2019\u00e9gouttage est utilis\u00e9 en bon p\u00e8re de famille, celui-ci restera efficace durant toute la vie de votre construction !<\/span><\/p>\n<p style=\"text-align: center; cursor: text;\">\n<\/div><style type=\"text\/css\">.fusion-gallery-1 .fusion-gallery-image {border:0px solid #e5e5e5;}<\/style><div class=\"fusion-gallery fusion-gallery-container fusion-grid-4 fusion-columns-total-0 fusion-gallery-layout-grid fusion-gallery-1\" style=\"margin:-5px;\"><div style=\"padding:5px;\" class=\"fusion-grid-column fusion-gallery-column fusion-gallery-column-4 hover-type-none\"><div class=\"fusion-gallery-image\"><a href=\"https:\/\/distrifox.be\/wp-content\/uploads\/2019\/10\/egouttages-distrifox-01-.jpg\" rel=\"noreferrer\" data-rel=\"iLightbox[gallery_image_1]\" class=\"fusion-lightbox\" target=\"_self\"><img loading=\"lazy\" decoding=\"async\" src=\"https:\/\/distrifox.be\/wp-content\/uploads\/2019\/10\/egouttages-distrifox-01--400x300.jpg\" width=\"1600\" height=\"1200\" alt=\"\" title=\"\" aria-label=\"\" class=\"img-responsive wp-image-1432\" srcset=\"https:\/\/distrifox.be\/wp-content\/uploads\/2019\/10\/egouttages-distrifox-01--200x150.jpg 200w, https:\/\/distrifox.be\/wp-content\/uploads\/2019\/10\/egouttages-distrifox-01--400x300.jpg 400w, https:\/\/distrifox.be\/wp-content\/uploads\/2019\/10\/egouttages-distrifox-01--600x450.jpg 600w, https:\/\/distrifox.be\/wp-content\/uploads\/2019\/10\/egouttages-distrifox-01--800x600.jpg 800w, https:\/\/distrifox.be\/wp-content\/uploads\/2019\/10\/egouttages-distrifox-01--1200x900.jpg 1200w, https:\/\/distrifox.be\/wp-content\/uploads\/2019\/10\/egouttages-distrifox-01-.jpg 1600w\" sizes=\"(min-width: 2200px) 100vw, (min-width: 916px) 321px, (min-width: 824px) 428px, (min-width: 732px) 643px, (min-width: 640px) 732px, \" \/><\/a><\/div><\/div><div style=\"padding:5px;\" class=\"fusion-grid-column fusion-gallery-column fusion-gallery-column-4 hover-type-none\"><div class=\"fusion-gallery-image\"><a href=\"https:\/\/distrifox.be\/wp-content\/uploads\/2019\/10\/egouttages-distrifox-02-.jpg\" rel=\"noreferrer\" data-rel=\"iLightbox[gallery_image_1]\" class=\"fusion-lightbox\" target=\"_self\"><img loading=\"lazy\" decoding=\"async\" src=\"https:\/\/distrifox.be\/wp-content\/uploads\/2019\/10\/egouttages-distrifox-02--400x533.jpg\" width=\"1200\" height=\"1600\" alt=\"\" title=\"egouttages distrifox 02\" aria-label=\"egouttages distrifox 02\" class=\"img-responsive wp-image-1433\" srcset=\"https:\/\/distrifox.be\/wp-content\/uploads\/2019\/10\/egouttages-distrifox-02--200x267.jpg 200w, https:\/\/distrifox.be\/wp-content\/uploads\/2019\/10\/egouttages-distrifox-02--400x533.jpg 400w, https:\/\/distrifox.be\/wp-content\/uploads\/2019\/10\/egouttages-distrifox-02--600x800.jpg 600w, https:\/\/distrifox.be\/wp-content\/uploads\/2019\/10\/egouttages-distrifox-02--800x1067.jpg 800w, https:\/\/distrifox.be\/wp-content\/uploads\/2019\/10\/egouttages-distrifox-02-.jpg 1200w\" sizes=\"(min-width: 2200px) 100vw, (min-width: 916px) 321px, (min-width: 824px) 428px, (min-width: 732px) 643px, (min-width: 640px) 732px, \" \/><\/a><\/div><\/div><div style=\"padding:5px;\" class=\"fusion-grid-column fusion-gallery-column fusion-gallery-column-4 hover-type-none\"><div class=\"fusion-gallery-image\"><a href=\"https:\/\/distrifox.be\/wp-content\/uploads\/2019\/10\/egouttages-distrifox-03-.jpg\" rel=\"noreferrer\" data-rel=\"iLightbox[gallery_image_1]\" class=\"fusion-lightbox\" target=\"_self\"><img loading=\"lazy\" decoding=\"async\" src=\"https:\/\/distrifox.be\/wp-content\/uploads\/2019\/10\/egouttages-distrifox-03--400x533.jpg\" width=\"1200\" height=\"1600\" alt=\"\" title=\"egouttages distrifox 03\" aria-label=\"egouttages distrifox 03\" class=\"img-responsive wp-image-1434\" srcset=\"https:\/\/distrifox.be\/wp-content\/uploads\/2019\/10\/egouttages-distrifox-03--200x267.jpg 200w, https:\/\/distrifox.be\/wp-content\/uploads\/2019\/10\/egouttages-distrifox-03--400x533.jpg 400w, https:\/\/distrifox.be\/wp-content\/uploads\/2019\/10\/egouttages-distrifox-03--600x800.jpg 600w, https:\/\/distrifox.be\/wp-content\/uploads\/2019\/10\/egouttages-distrifox-03--800x1067.jpg 800w, https:\/\/distrifox.be\/wp-content\/uploads\/2019\/10\/egouttages-distrifox-03-.jpg 1200w\" sizes=\"(min-width: 2200px) 100vw, (min-width: 916px) 321px, (min-width: 824px) 428px, (min-width: 732px) 643px, (min-width: 640px) 732px, \" \/><\/a><\/div><\/div><div style=\"padding:5px;\" class=\"fusion-grid-column fusion-gallery-column fusion-gallery-column-4 hover-type-none\"><div class=\"fusion-gallery-image\"><a href=\"https:\/\/distrifox.be\/wp-content\/uploads\/2019\/10\/egouttages-distrifox-04-.jpg\" rel=\"noreferrer\" data-rel=\"iLightbox[gallery_image_1]\" class=\"fusion-lightbox\" target=\"_self\"><img loading=\"lazy\" decoding=\"async\" src=\"https:\/\/distrifox.be\/wp-content\/uploads\/2019\/10\/egouttages-distrifox-04--400x533.jpg\" width=\"1200\" height=\"1600\" alt=\"\" title=\"egouttages distrifox 04\" aria-label=\"egouttages distrifox 04\" class=\"img-responsive wp-image-1435\" srcset=\"https:\/\/distrifox.be\/wp-content\/uploads\/2019\/10\/egouttages-distrifox-04--200x267.jpg 200w, https:\/\/distrifox.be\/wp-content\/uploads\/2019\/10\/egouttages-distrifox-04--400x533.jpg 400w, https:\/\/distrifox.be\/wp-content\/uploads\/2019\/10\/egouttages-distrifox-04--600x800.jpg 600w, https:\/\/distrifox.be\/wp-content\/uploads\/2019\/10\/egouttages-distrifox-04--800x1067.jpg 800w, https:\/\/distrifox.be\/wp-content\/uploads\/2019\/10\/egouttages-distrifox-04-.jpg 1200w\" sizes=\"(min-width: 2200px) 100vw, (min-width: 916px) 321px, (min-width: 824px) 428px, (min-width: 732px) 643px, (min-width: 640px) 732px, \" \/><\/a><\/div><\/div><div class=\"clearfix\"><\/div><div style=\"padding:5px;\" class=\"fusion-grid-column fusion-gallery-column fusion-gallery-column-4 hover-type-none\"><div class=\"fusion-gallery-image\"><a href=\"https:\/\/distrifox.be\/wp-content\/uploads\/2019\/10\/egouttages-distrifox-05-.jpg\" rel=\"noreferrer\" data-rel=\"iLightbox[gallery_image_1]\" class=\"fusion-lightbox\" target=\"_self\"><img loading=\"lazy\" decoding=\"async\" src=\"https:\/\/distrifox.be\/wp-content\/uploads\/2019\/10\/egouttages-distrifox-05--400x300.jpg\" width=\"1600\" height=\"1200\" alt=\"\" title=\"Egouttages distrifox\" aria-label=\"Egouttages distrifox\" class=\"img-responsive wp-image-1436\" srcset=\"https:\/\/distrifox.be\/wp-content\/uploads\/2019\/10\/egouttages-distrifox-05--200x150.jpg 200w, https:\/\/distrifox.be\/wp-content\/uploads\/2019\/10\/egouttages-distrifox-05--400x300.jpg 400w, https:\/\/distrifox.be\/wp-content\/uploads\/2019\/10\/egouttages-distrifox-05--600x450.jpg 600w, https:\/\/distrifox.be\/wp-content\/uploads\/2019\/10\/egouttages-distrifox-05--800x600.jpg 800w, https:\/\/distrifox.be\/wp-content\/uploads\/2019\/10\/egouttages-distrifox-05--1200x900.jpg 1200w, https:\/\/distrifox.be\/wp-content\/uploads\/2019\/10\/egouttages-distrifox-05-.jpg 1600w\" sizes=\"(min-width: 2200px) 100vw, (min-width: 916px) 321px, (min-width: 824px) 428px, (min-width: 732px) 643px, (min-width: 640px) 732px, \" \/><\/a><\/div><\/div><div style=\"padding:5px;\" class=\"fusion-grid-column fusion-gallery-column fusion-gallery-column-4 hover-type-none\"><div class=\"fusion-gallery-image\"><a href=\"https:\/\/distrifox.be\/wp-content\/uploads\/2019\/10\/egouttages-distrifox-06-.jpg\" rel=\"noreferrer\" data-rel=\"iLightbox[gallery_image_1]\" class=\"fusion-lightbox\" target=\"_self\"><img loading=\"lazy\" decoding=\"async\" src=\"https:\/\/distrifox.be\/wp-content\/uploads\/2019\/10\/egouttages-distrifox-06--400x300.jpg\" width=\"1600\" height=\"1200\" alt=\"\" title=\"Egouttages distrifox 2\" aria-label=\"Egouttages distrifox 2\" class=\"img-responsive wp-image-1437\" srcset=\"https:\/\/distrifox.be\/wp-content\/uploads\/2019\/10\/egouttages-distrifox-06--200x150.jpg 200w, https:\/\/distrifox.be\/wp-content\/uploads\/2019\/10\/egouttages-distrifox-06--400x300.jpg 400w, https:\/\/distrifox.be\/wp-content\/uploads\/2019\/10\/egouttages-distrifox-06--600x450.jpg 600w, https:\/\/distrifox.be\/wp-content\/uploads\/2019\/10\/egouttages-distrifox-06--800x600.jpg 800w, https:\/\/distrifox.be\/wp-content\/uploads\/2019\/10\/egouttages-distrifox-06--1200x900.jpg 1200w, https:\/\/distrifox.be\/wp-content\/uploads\/2019\/10\/egouttages-distrifox-06-.jpg 1600w\" sizes=\"(min-width: 2200px) 100vw, (min-width: 916px) 321px, (min-width: 824px) 428px, (min-width: 732px) 643px, (min-width: 640px) 732px, \" \/><\/a><\/div><\/div><div style=\"padding:5px;\" class=\"fusion-grid-column fusion-gallery-column fusion-gallery-column-4 hover-type-none\"><div class=\"fusion-gallery-image\"><a href=\"https:\/\/distrifox.be\/wp-content\/uploads\/2019\/10\/egouttages-distrifox-07-.jpg\" rel=\"noreferrer\" data-rel=\"iLightbox[gallery_image_1]\" class=\"fusion-lightbox\" target=\"_self\"><img loading=\"lazy\" decoding=\"async\" src=\"https:\/\/distrifox.be\/wp-content\/uploads\/2019\/10\/egouttages-distrifox-07--400x300.jpg\" width=\"1600\" height=\"1200\" alt=\"\" title=\"Egouttages distrifox 3\" aria-label=\"Egouttages distrifox 3\" class=\"img-responsive wp-image-1438\" srcset=\"https:\/\/distrifox.be\/wp-content\/uploads\/2019\/10\/egouttages-distrifox-07--200x150.jpg 200w, https:\/\/distrifox.be\/wp-content\/uploads\/2019\/10\/egouttages-distrifox-07--400x300.jpg 400w, https:\/\/distrifox.be\/wp-content\/uploads\/2019\/10\/egouttages-distrifox-07--600x450.jpg 600w, https:\/\/distrifox.be\/wp-content\/uploads\/2019\/10\/egouttages-distrifox-07--800x600.jpg 800w, https:\/\/distrifox.be\/wp-content\/uploads\/2019\/10\/egouttages-distrifox-07--1200x900.jpg 1200w, https:\/\/distrifox.be\/wp-content\/uploads\/2019\/10\/egouttages-distrifox-07-.jpg 1600w\" sizes=\"(min-width: 2200px) 100vw, (min-width: 916px) 321px, (min-width: 824px) 428px, (min-width: 732px) 643px, (min-width: 640px) 732px, \" \/><\/a><\/div><\/div><div style=\"padding:5px;\" class=\"fusion-grid-column fusion-gallery-column fusion-gallery-column-4 hover-type-none\"><div class=\"fusion-gallery-image\"><a href=\"https:\/\/distrifox.be\/wp-content\/uploads\/2019\/10\/egouttages-distrifox-08-.jpg\" rel=\"noreferrer\" data-rel=\"iLightbox[gallery_image_1]\" class=\"fusion-lightbox\" target=\"_self\"><img loading=\"lazy\" decoding=\"async\" src=\"https:\/\/distrifox.be\/wp-content\/uploads\/2019\/10\/egouttages-distrifox-08--400x533.jpg\" width=\"1200\" height=\"1600\" alt=\"\" title=\"egouttages distrifox 08\" aria-label=\"egouttages distrifox 08\" class=\"img-responsive wp-image-1439\" srcset=\"https:\/\/distrifox.be\/wp-content\/uploads\/2019\/10\/egouttages-distrifox-08--200x267.jpg 200w, https:\/\/distrifox.be\/wp-content\/uploads\/2019\/10\/egouttages-distrifox-08--400x533.jpg 400w, https:\/\/distrifox.be\/wp-content\/uploads\/2019\/10\/egouttages-distrifox-08--600x800.jpg 600w, https:\/\/distrifox.be\/wp-content\/uploads\/2019\/10\/egouttages-distrifox-08--800x1067.jpg 800w, https:\/\/distrifox.be\/wp-content\/uploads\/2019\/10\/egouttages-distrifox-08-.jpg 1200w\" sizes=\"(min-width: 2200px) 100vw, (min-width: 916px) 321px, (min-width: 824px) 428px, (min-width: 732px) 643px, (min-width: 640px) 732px, \" \/><\/a><\/div><\/div><div class=\"clearfix\"><\/div><\/div><div class=\"fusion-clearfix\"><\/div>\n\n\t\t\t\t\t<\/div>\n\t\t\t\t<\/div><\/div><\/div>\n","protected":false},"excerpt":{"rendered":"","protected":false},"author":1,"featured_media":0,"parent":0,"menu_order":0,"comment_status":"closed","ping_status":"closed","template":"","meta":{"footnotes":""},"_links":{"self":[{"href":"https:\/\/distrifox.be\/index.php\/wp-json\/wp\/v2\/pages\/890"}],"collection":[{"href":"https:\/\/distrifox.be\/index.php\/wp-json\/wp\/v2\/pages"}],"about":[{"href":"https:\/\/distrifox.be\/index.php\/wp-json\/wp\/v2\/types\/page"}],"author":[{"embeddable":true,"href":"https:\/\/distrifox.be\/index.php\/wp-json\/wp\/v2\/users\/1"}],"replies":[{"embeddable":true,"href":"https:\/\/distrifox.be\/index.php\/wp-json\/wp\/v2\/comments?post=890"}],"version-history":[{"count":5,"href":"https:\/\/distrifox.be\/index.php\/wp-json\/wp\/v2\/pages\/890\/revisions"}],"predecessor-version":[{"id":4143,"href":"https:\/\/distrifox.be\/index.php\/wp-json\/wp\/v2\/pages\/890\/revisions\/4143"}],"wp:attachment":[{"href":"https:\/\/distrifox.be\/index.php\/wp-json\/wp\/v2\/media?parent=890"}],"curies":[{"name":"wp","href":"https:\/\/api.w.org\/{rel}","templated":true}]}}