{"id":886,"date":"2019-10-09T18:20:29","date_gmt":"2019-10-09T16:20:29","guid":{"rendered":"http:\/\/distrifox.be\/?page_id=886"},"modified":"2023-04-17T19:24:36","modified_gmt":"2023-04-17T17:24:36","slug":"isolations-distrifox-sprl","status":"publish","type":"page","link":"https:\/\/distrifox.be\/index.php\/isolations-distrifox-sprl\/","title":{"rendered":"Isolations"},"content":{"rendered":"<div class=\"fusion-fullwidth fullwidth-box nonhundred-percent-fullwidth non-hundred-percent-height-scrolling\"  style='background-color: rgba(255,255,255,0);background-position: center center;background-repeat: no-repeat;padding-top:0px;padding-right:0px;padding-bottom:0px;padding-left:0px;'><div class=\"fusion-builder-row fusion-row \"><div  class=\"fusion-layout-column fusion_builder_column fusion_builder_column_1_1 fusion-builder-column-1 fusion-one-full fusion-column-first fusion-column-last 1_1\"  style='margin-top:0px;margin-bottom:20px;'>\n\t\t\t\t\t<div class=\"fusion-column-wrapper\" style=\"padding: 0px 0px 0px 0px;background-position:left top;background-repeat:no-repeat;-webkit-background-size:cover;-moz-background-size:cover;-o-background-size:cover;background-size:cover;\"   data-bg-url=\"\">\n\t\t\t\t\t\t<div class=\"fusion-text\"><h4 style=\"text-align: center;\" data-fontsize=\"20\" data-lineheight=\"30\"><span class=\"xr_tc Heading_4\">Quelques r\u00e9alisations.<\/span><\/h4>\n<p style=\"text-align: center;\"><span class=\"xr_tc Normal_Text\">Tous les travaux d\u2019isolation et d\u2019\u00e9tanch\u00e9it\u00e9 \u00e0 l\u2019air. <\/span><\/p>\n<p style=\"text-align: center; cursor: text;\"><b style=\"cursor: text;\">Nous r\u00e9alisons vos documents pour b\u00e9n\u00e9ficier de vos primes \u00e0 l&#8217;isolation apr\u00e8s nos travaux.<\/b><\/p>\n<\/div><style type=\"text\/css\">.fusion-gallery-1 .fusion-gallery-image {border:0px solid #e5e5e5;}<\/style><div class=\"fusion-gallery fusion-gallery-container fusion-grid-4 fusion-columns-total-0 fusion-gallery-layout-grid fusion-gallery-1\" style=\"margin:-5px;\"><div style=\"padding:5px;\" class=\"fusion-grid-column fusion-gallery-column fusion-gallery-column-4 hover-type-none\"><div class=\"fusion-gallery-image\"><a href=\"https:\/\/distrifox.be\/wp-content\/uploads\/2019\/10\/isolation04-distrifox-sprl.jpg\" rel=\"noreferrer\" data-rel=\"iLightbox[gallery_image_1]\" class=\"fusion-lightbox\" target=\"_self\"><img loading=\"lazy\" decoding=\"async\" src=\"https:\/\/distrifox.be\/wp-content\/uploads\/2019\/10\/isolation04-distrifox-sprl-400x300.jpg\" width=\"1600\" height=\"1200\" alt=\"\" title=\"\" aria-label=\"\" class=\"img-responsive wp-image-1377\" srcset=\"https:\/\/distrifox.be\/wp-content\/uploads\/2019\/10\/isolation04-distrifox-sprl-200x150.jpg 200w, https:\/\/distrifox.be\/wp-content\/uploads\/2019\/10\/isolation04-distrifox-sprl-400x300.jpg 400w, https:\/\/distrifox.be\/wp-content\/uploads\/2019\/10\/isolation04-distrifox-sprl-600x450.jpg 600w, https:\/\/distrifox.be\/wp-content\/uploads\/2019\/10\/isolation04-distrifox-sprl-800x600.jpg 800w, https:\/\/distrifox.be\/wp-content\/uploads\/2019\/10\/isolation04-distrifox-sprl-1200x900.jpg 1200w, https:\/\/distrifox.be\/wp-content\/uploads\/2019\/10\/isolation04-distrifox-sprl.jpg 1600w\" sizes=\"(min-width: 2200px) 100vw, (min-width: 916px) 321px, (min-width: 824px) 428px, (min-width: 732px) 643px, (min-width: 640px) 732px, \" \/><\/a><\/div><\/div><div style=\"padding:5px;\" class=\"fusion-grid-column fusion-gallery-column fusion-gallery-column-4 hover-type-none\"><div class=\"fusion-gallery-image\"><a href=\"https:\/\/distrifox.be\/wp-content\/uploads\/2019\/10\/isolation03-distrifox-sprl.jpg\" rel=\"noreferrer\" data-rel=\"iLightbox[gallery_image_1]\" class=\"fusion-lightbox\" target=\"_self\"><img loading=\"lazy\" decoding=\"async\" src=\"https:\/\/distrifox.be\/wp-content\/uploads\/2019\/10\/isolation03-distrifox-sprl-400x300.jpg\" width=\"1600\" height=\"1200\" alt=\"\" title=\"\" aria-label=\"\" class=\"img-responsive wp-image-1376\" srcset=\"https:\/\/distrifox.be\/wp-content\/uploads\/2019\/10\/isolation03-distrifox-sprl-200x150.jpg 200w, https:\/\/distrifox.be\/wp-content\/uploads\/2019\/10\/isolation03-distrifox-sprl-400x300.jpg 400w, https:\/\/distrifox.be\/wp-content\/uploads\/2019\/10\/isolation03-distrifox-sprl-600x450.jpg 600w, https:\/\/distrifox.be\/wp-content\/uploads\/2019\/10\/isolation03-distrifox-sprl-800x600.jpg 800w, https:\/\/distrifox.be\/wp-content\/uploads\/2019\/10\/isolation03-distrifox-sprl-1200x900.jpg 1200w, https:\/\/distrifox.be\/wp-content\/uploads\/2019\/10\/isolation03-distrifox-sprl.jpg 1600w\" sizes=\"(min-width: 2200px) 100vw, (min-width: 916px) 321px, (min-width: 824px) 428px, (min-width: 732px) 643px, (min-width: 640px) 732px, \" \/><\/a><\/div><\/div><div style=\"padding:5px;\" class=\"fusion-grid-column fusion-gallery-column fusion-gallery-column-4 hover-type-none\"><div class=\"fusion-gallery-image\"><a href=\"https:\/\/distrifox.be\/wp-content\/uploads\/2019\/10\/isolation02-distrifox-sprl.jpg\" rel=\"noreferrer\" data-rel=\"iLightbox[gallery_image_1]\" class=\"fusion-lightbox\" target=\"_self\"><img loading=\"lazy\" decoding=\"async\" src=\"https:\/\/distrifox.be\/wp-content\/uploads\/2019\/10\/isolation02-distrifox-sprl-400x300.jpg\" width=\"1600\" height=\"1200\" alt=\"\" title=\"\" aria-label=\"\" class=\"img-responsive wp-image-1375\" srcset=\"https:\/\/distrifox.be\/wp-content\/uploads\/2019\/10\/isolation02-distrifox-sprl-200x150.jpg 200w, https:\/\/distrifox.be\/wp-content\/uploads\/2019\/10\/isolation02-distrifox-sprl-400x300.jpg 400w, https:\/\/distrifox.be\/wp-content\/uploads\/2019\/10\/isolation02-distrifox-sprl-600x450.jpg 600w, https:\/\/distrifox.be\/wp-content\/uploads\/2019\/10\/isolation02-distrifox-sprl-800x600.jpg 800w, https:\/\/distrifox.be\/wp-content\/uploads\/2019\/10\/isolation02-distrifox-sprl-1200x900.jpg 1200w, https:\/\/distrifox.be\/wp-content\/uploads\/2019\/10\/isolation02-distrifox-sprl.jpg 1600w\" sizes=\"(min-width: 2200px) 100vw, (min-width: 916px) 321px, (min-width: 824px) 428px, (min-width: 732px) 643px, (min-width: 640px) 732px, \" \/><\/a><\/div><\/div><div style=\"padding:5px;\" class=\"fusion-grid-column fusion-gallery-column fusion-gallery-column-4 hover-type-none\"><div class=\"fusion-gallery-image\"><a href=\"https:\/\/distrifox.be\/wp-content\/uploads\/2019\/10\/isolation01-distrifox-sprl.jpg\" rel=\"noreferrer\" data-rel=\"iLightbox[gallery_image_1]\" class=\"fusion-lightbox\" target=\"_self\"><img loading=\"lazy\" decoding=\"async\" src=\"https:\/\/distrifox.be\/wp-content\/uploads\/2019\/10\/isolation01-distrifox-sprl-400x300.jpg\" width=\"1600\" height=\"1200\" alt=\"\" title=\"\" aria-label=\"\" class=\"img-responsive wp-image-1374\" srcset=\"https:\/\/distrifox.be\/wp-content\/uploads\/2019\/10\/isolation01-distrifox-sprl-200x150.jpg 200w, https:\/\/distrifox.be\/wp-content\/uploads\/2019\/10\/isolation01-distrifox-sprl-400x300.jpg 400w, https:\/\/distrifox.be\/wp-content\/uploads\/2019\/10\/isolation01-distrifox-sprl-600x450.jpg 600w, https:\/\/distrifox.be\/wp-content\/uploads\/2019\/10\/isolation01-distrifox-sprl-800x600.jpg 800w, https:\/\/distrifox.be\/wp-content\/uploads\/2019\/10\/isolation01-distrifox-sprl-1200x900.jpg 1200w, https:\/\/distrifox.be\/wp-content\/uploads\/2019\/10\/isolation01-distrifox-sprl.jpg 1600w\" sizes=\"(min-width: 2200px) 100vw, (min-width: 916px) 321px, (min-width: 824px) 428px, (min-width: 732px) 643px, (min-width: 640px) 732px, \" \/><\/a><\/div><\/div><div class=\"clearfix\"><\/div><div style=\"padding:5px;\" class=\"fusion-grid-column fusion-gallery-column fusion-gallery-column-4 hover-type-none\"><div class=\"fusion-gallery-image\"><a href=\"https:\/\/distrifox.be\/wp-content\/uploads\/2019\/10\/isolation-distrifox-sprl.jpg\" rel=\"noreferrer\" data-rel=\"iLightbox[gallery_image_1]\" class=\"fusion-lightbox\" target=\"_self\"><img loading=\"lazy\" decoding=\"async\" src=\"https:\/\/distrifox.be\/wp-content\/uploads\/2019\/10\/isolation-distrifox-sprl-400x300.jpg\" width=\"1600\" height=\"1200\" alt=\"\" title=\"\" aria-label=\"\" class=\"img-responsive wp-image-1373\" srcset=\"https:\/\/distrifox.be\/wp-content\/uploads\/2019\/10\/isolation-distrifox-sprl-200x150.jpg 200w, https:\/\/distrifox.be\/wp-content\/uploads\/2019\/10\/isolation-distrifox-sprl-400x300.jpg 400w, https:\/\/distrifox.be\/wp-content\/uploads\/2019\/10\/isolation-distrifox-sprl-600x450.jpg 600w, https:\/\/distrifox.be\/wp-content\/uploads\/2019\/10\/isolation-distrifox-sprl-800x600.jpg 800w, https:\/\/distrifox.be\/wp-content\/uploads\/2019\/10\/isolation-distrifox-sprl-1200x900.jpg 1200w, https:\/\/distrifox.be\/wp-content\/uploads\/2019\/10\/isolation-distrifox-sprl.jpg 1600w\" sizes=\"(min-width: 2200px) 100vw, (min-width: 916px) 321px, (min-width: 824px) 428px, (min-width: 732px) 643px, (min-width: 640px) 732px, \" \/><\/a><\/div><\/div><div style=\"padding:5px;\" class=\"fusion-grid-column fusion-gallery-column fusion-gallery-column-4 hover-type-none\"><div class=\"fusion-gallery-image\"><a href=\"https:\/\/distrifox.be\/wp-content\/uploads\/2019\/10\/vandersanden-e-board-distrifox-32.jpg\" rel=\"noreferrer\" data-rel=\"iLightbox[gallery_image_1]\" class=\"fusion-lightbox\" target=\"_self\"><img loading=\"lazy\" decoding=\"async\" src=\"https:\/\/distrifox.be\/wp-content\/uploads\/2019\/10\/vandersanden-e-board-distrifox-32-400x711.jpg\" width=\"900\" height=\"1600\" alt=\"\" title=\"vandersanden e-board distrifox 32\" aria-label=\"vandersanden e-board distrifox 32\" class=\"img-responsive wp-image-1206\" srcset=\"https:\/\/distrifox.be\/wp-content\/uploads\/2019\/10\/vandersanden-e-board-distrifox-32-200x356.jpg 200w, https:\/\/distrifox.be\/wp-content\/uploads\/2019\/10\/vandersanden-e-board-distrifox-32-400x711.jpg 400w, https:\/\/distrifox.be\/wp-content\/uploads\/2019\/10\/vandersanden-e-board-distrifox-32-600x1067.jpg 600w, https:\/\/distrifox.be\/wp-content\/uploads\/2019\/10\/vandersanden-e-board-distrifox-32-800x1422.jpg 800w, https:\/\/distrifox.be\/wp-content\/uploads\/2019\/10\/vandersanden-e-board-distrifox-32.jpg 900w\" sizes=\"(min-width: 2200px) 100vw, (min-width: 916px) 321px, (min-width: 824px) 428px, (min-width: 732px) 643px, (min-width: 640px) 732px, \" \/><\/a><\/div><\/div><div style=\"padding:5px;\" class=\"fusion-grid-column fusion-gallery-column fusion-gallery-column-4 hover-type-none\"><div class=\"fusion-gallery-image\"><a href=\"https:\/\/distrifox.be\/wp-content\/uploads\/2019\/10\/vandersanden-e-board-distrifox-31.jpg\" rel=\"noreferrer\" data-rel=\"iLightbox[gallery_image_1]\" class=\"fusion-lightbox\" target=\"_self\"><img loading=\"lazy\" decoding=\"async\" src=\"https:\/\/distrifox.be\/wp-content\/uploads\/2019\/10\/vandersanden-e-board-distrifox-31-400x225.jpg\" width=\"1600\" height=\"900\" alt=\"\" title=\"vandersanden e-board distrifox 31\" aria-label=\"vandersanden e-board distrifox 31\" class=\"img-responsive wp-image-1205\" srcset=\"https:\/\/distrifox.be\/wp-content\/uploads\/2019\/10\/vandersanden-e-board-distrifox-31-200x113.jpg 200w, https:\/\/distrifox.be\/wp-content\/uploads\/2019\/10\/vandersanden-e-board-distrifox-31-400x225.jpg 400w, https:\/\/distrifox.be\/wp-content\/uploads\/2019\/10\/vandersanden-e-board-distrifox-31-600x338.jpg 600w, https:\/\/distrifox.be\/wp-content\/uploads\/2019\/10\/vandersanden-e-board-distrifox-31-800x450.jpg 800w, https:\/\/distrifox.be\/wp-content\/uploads\/2019\/10\/vandersanden-e-board-distrifox-31-1200x675.jpg 1200w, https:\/\/distrifox.be\/wp-content\/uploads\/2019\/10\/vandersanden-e-board-distrifox-31.jpg 1600w\" sizes=\"(min-width: 2200px) 100vw, (min-width: 916px) 321px, (min-width: 824px) 428px, (min-width: 732px) 643px, (min-width: 640px) 732px, \" \/><\/a><\/div><\/div><div style=\"padding:5px;\" class=\"fusion-grid-column fusion-gallery-column fusion-gallery-column-4 hover-type-none\"><div class=\"fusion-gallery-image\"><a href=\"https:\/\/distrifox.be\/wp-content\/uploads\/2019\/10\/vandersanden-e-board-distrifox-15.jpg\" rel=\"noreferrer\" data-rel=\"iLightbox[gallery_image_1]\" class=\"fusion-lightbox\" target=\"_self\"><img loading=\"lazy\" decoding=\"async\" src=\"https:\/\/distrifox.be\/wp-content\/uploads\/2019\/10\/vandersanden-e-board-distrifox-15-400x300.jpg\" width=\"1600\" height=\"1200\" alt=\"\" title=\"vandersanden e-board distrifox 15\" aria-label=\"vandersanden e-board distrifox 15\" class=\"img-responsive wp-image-1189\" srcset=\"https:\/\/distrifox.be\/wp-content\/uploads\/2019\/10\/vandersanden-e-board-distrifox-15-200x150.jpg 200w, https:\/\/distrifox.be\/wp-content\/uploads\/2019\/10\/vandersanden-e-board-distrifox-15-400x300.jpg 400w, https:\/\/distrifox.be\/wp-content\/uploads\/2019\/10\/vandersanden-e-board-distrifox-15-600x450.jpg 600w, https:\/\/distrifox.be\/wp-content\/uploads\/2019\/10\/vandersanden-e-board-distrifox-15-800x600.jpg 800w, https:\/\/distrifox.be\/wp-content\/uploads\/2019\/10\/vandersanden-e-board-distrifox-15-1200x900.jpg 1200w, https:\/\/distrifox.be\/wp-content\/uploads\/2019\/10\/vandersanden-e-board-distrifox-15.jpg 1600w\" sizes=\"(min-width: 2200px) 100vw, (min-width: 916px) 321px, (min-width: 824px) 428px, (min-width: 732px) 643px, (min-width: 640px) 732px, \" \/><\/a><\/div><\/div><div class=\"clearfix\"><\/div><\/div><div class=\"fusion-clearfix\"><\/div>\n\n\t\t\t\t\t<\/div>\n\t\t\t\t<\/div><\/div><\/div>\n","protected":false},"excerpt":{"rendered":"","protected":false},"author":1,"featured_media":0,"parent":0,"menu_order":0,"comment_status":"closed","ping_status":"closed","template":"","meta":{"footnotes":""},"_links":{"self":[{"href":"https:\/\/distrifox.be\/index.php\/wp-json\/wp\/v2\/pages\/886"}],"collection":[{"href":"https:\/\/distrifox.be\/index.php\/wp-json\/wp\/v2\/pages"}],"about":[{"href":"https:\/\/distrifox.be\/index.php\/wp-json\/wp\/v2\/types\/page"}],"author":[{"embeddable":true,"href":"https:\/\/distrifox.be\/index.php\/wp-json\/wp\/v2\/users\/1"}],"replies":[{"embeddable":true,"href":"https:\/\/distrifox.be\/index.php\/wp-json\/wp\/v2\/comments?post=886"}],"version-history":[{"count":7,"href":"https:\/\/distrifox.be\/index.php\/wp-json\/wp\/v2\/pages\/886\/revisions"}],"predecessor-version":[{"id":4142,"href":"https:\/\/distrifox.be\/index.php\/wp-json\/wp\/v2\/pages\/886\/revisions\/4142"}],"wp:attachment":[{"href":"https:\/\/distrifox.be\/index.php\/wp-json\/wp\/v2\/media?parent=886"}],"curies":[{"name":"wp","href":"https:\/\/api.w.org\/{rel}","templated":true}]}}