{"id":767,"date":"2019-10-09T14:21:33","date_gmt":"2019-10-09T12:21:33","guid":{"rendered":"http:\/\/distrifox.be\/?page_id=767"},"modified":"2019-10-15T19:42:12","modified_gmt":"2019-10-15T17:42:12","slug":"pierres-reconstituees-distrifox-sprl","status":"publish","type":"page","link":"https:\/\/distrifox.be\/index.php\/pierres-reconstituees-distrifox-sprl\/","title":{"rendered":"Pierres reconstitu\u00e9es"},"content":{"rendered":"<div class=\"fusion-fullwidth fullwidth-box nonhundred-percent-fullwidth non-hundred-percent-height-scrolling\"  style='background-color: rgba(255,255,255,0);background-position: center center;background-repeat: no-repeat;padding-top:0px;padding-right:0px;padding-bottom:0px;padding-left:0px;'><div class=\"fusion-builder-row fusion-row \"><div  class=\"fusion-layout-column fusion_builder_column fusion_builder_column_1_1 fusion-builder-column-1 fusion-one-full fusion-column-first fusion-column-last 1_1\"  style='margin-top:0px;margin-bottom:20px;'>\n\t\t\t\t\t<div class=\"fusion-column-wrapper\" style=\"padding: 0px 0px 0px 0px;background-position:left top;background-repeat:no-repeat;-webkit-background-size:cover;-moz-background-size:cover;-o-background-size:cover;background-size:cover;\"   data-bg-url=\"\">\n\t\t\t\t\t\t<div class=\"fusion-text\"><p style=\"text-align: center;\"><b>Nous r\u00e9alisons la pose de pierres reconstitu\u00e9es sur diff\u00e9rents supports.<\/b><\/p>\n<p style=\"text-align: center;\"><b>La pierre reconstitu\u00e9e est id\u00e9ale pour une maison neuve ou pour une r\u00e9novation.<\/b><\/p>\n<p style=\"text-align: center;\">Vous pouvez ainsi isoler votre fa\u00e7ade et garder l\u2019aspect d\u2019une belle pierre. Les pierres reconstitu\u00e9es se marient parfaitement avec les cr\u00e9pis, bardages \u2026<\/p>\n<p style=\"text-align: center;\"><b>Les pierres reconstitu\u00e9es se placent aussi bien en ext\u00e9rieur qu\u2019en int\u00e9rieur pour la d\u00e9coration<\/b>. Les pierres reconstitu\u00e9es sont hydrofug\u00e9es pour un r\u00e9sistance parfaite au gel\/d\u00e9gel.<b>Aucune fondation particuli\u00e8re n\u2019est n\u00e9cessaire pour r\u00e9aliser le travail<\/b>. Les pierres se d\u00e9clinent en plusieurs teintes et coloris.Si vous avez un projet, nous vous invitons \u00e0 prendre contact avec nous et nous vous accompagnerons dans le magnifique show-room de <a href=\"https:\/\/www.pierrereconstituee.be\/\">GCR STONE<\/a> ou vous pourrez recevoir les meilleurs conseils.Nous travaillons uniquement avec GCR Stone \u00e0 Gembloux.<\/p>\n<p style=\"text-align: center;\"><a href=\"https:\/\/www.pierrereconstituee.be\/\"><img loading=\"lazy\" decoding=\"async\" class=\"alignnone size-full wp-image-1503\" src=\"http:\/\/distrifox.be\/wp-content\/uploads\/2019\/10\/logo-gcr-square-200.png\" alt=\"\" width=\"200\" height=\"200\" srcset=\"https:\/\/distrifox.be\/wp-content\/uploads\/2019\/10\/logo-gcr-square-200-66x66.png 66w, https:\/\/distrifox.be\/wp-content\/uploads\/2019\/10\/logo-gcr-square-200-150x150.png 150w, https:\/\/distrifox.be\/wp-content\/uploads\/2019\/10\/logo-gcr-square-200.png 200w\" sizes=\"(max-width: 200px) 100vw, 200px\" \/><\/a><\/p>\n<p style=\"text-align: center;\"><span class=\"xr_tc Normal_Text\">Tous les travaux sont r\u00e9alis\u00e9s par les patrons !<\/span><\/p>\n<p style=\"text-align: center;\"><span class=\"xr_tc Normal_Text\">Nous ne travaillons pas avec de la main d\u2019oeuvre ext\u00e9rieure.<\/span><\/p>\n<p style=\"text-align: center;\"><strong><span class=\"xr_tc Normal_Text\">Nous sommes une entreprise familiale depuis 3 g\u00e9n\u00e9rations.<\/span><\/strong><\/p>\n<h3 style=\"text-align: center;\" data-fontsize=\"27\" data-lineheight=\"40\">Quelques exemples avec joints<\/h3>\n<p><img loading=\"lazy\" decoding=\"async\" class=\"alignnone size-full wp-image-1504\" src=\"http:\/\/distrifox.be\/wp-content\/uploads\/2019\/10\/gcr-stone-avec-joints.jpg\" alt=\"\" width=\"1884\" height=\"873\" srcset=\"https:\/\/distrifox.be\/wp-content\/uploads\/2019\/10\/gcr-stone-avec-joints-200x93.jpg 200w, https:\/\/distrifox.be\/wp-content\/uploads\/2019\/10\/gcr-stone-avec-joints-300x139.jpg 300w, https:\/\/distrifox.be\/wp-content\/uploads\/2019\/10\/gcr-stone-avec-joints-400x185.jpg 400w, https:\/\/distrifox.be\/wp-content\/uploads\/2019\/10\/gcr-stone-avec-joints-600x278.jpg 600w, https:\/\/distrifox.be\/wp-content\/uploads\/2019\/10\/gcr-stone-avec-joints-768x356.jpg 768w, https:\/\/distrifox.be\/wp-content\/uploads\/2019\/10\/gcr-stone-avec-joints-800x371.jpg 800w, https:\/\/distrifox.be\/wp-content\/uploads\/2019\/10\/gcr-stone-avec-joints-1024x474.jpg 1024w, https:\/\/distrifox.be\/wp-content\/uploads\/2019\/10\/gcr-stone-avec-joints-1200x556.jpg 1200w, https:\/\/distrifox.be\/wp-content\/uploads\/2019\/10\/gcr-stone-avec-joints.jpg 1884w\" sizes=\"(max-width: 1884px) 100vw, 1884px\" \/><\/p>\n<h3 style=\"text-align: center;\" data-fontsize=\"27\" data-lineheight=\"40\">Quelques exemples sans joints<\/h3>\n<p><img loading=\"lazy\" decoding=\"async\" class=\"alignnone size-full wp-image-1505\" src=\"http:\/\/distrifox.be\/wp-content\/uploads\/2019\/10\/gcr-stone-sans-joints.jpg\" alt=\"\" width=\"1884\" height=\"873\" srcset=\"https:\/\/distrifox.be\/wp-content\/uploads\/2019\/10\/gcr-stone-sans-joints-200x93.jpg 200w, https:\/\/distrifox.be\/wp-content\/uploads\/2019\/10\/gcr-stone-sans-joints-300x139.jpg 300w, https:\/\/distrifox.be\/wp-content\/uploads\/2019\/10\/gcr-stone-sans-joints-400x185.jpg 400w, https:\/\/distrifox.be\/wp-content\/uploads\/2019\/10\/gcr-stone-sans-joints-600x278.jpg 600w, https:\/\/distrifox.be\/wp-content\/uploads\/2019\/10\/gcr-stone-sans-joints-768x356.jpg 768w, https:\/\/distrifox.be\/wp-content\/uploads\/2019\/10\/gcr-stone-sans-joints-800x371.jpg 800w, https:\/\/distrifox.be\/wp-content\/uploads\/2019\/10\/gcr-stone-sans-joints-1024x474.jpg 1024w, https:\/\/distrifox.be\/wp-content\/uploads\/2019\/10\/gcr-stone-sans-joints-1200x556.jpg 1200w, https:\/\/distrifox.be\/wp-content\/uploads\/2019\/10\/gcr-stone-sans-joints.jpg 1884w\" sizes=\"(max-width: 1884px) 100vw, 1884px\" \/><\/p>\n<\/div><div class=\"fusion-clearfix\"><\/div>\n\n\t\t\t\t\t<\/div>\n\t\t\t\t<\/div><\/div><\/div>\n","protected":false},"excerpt":{"rendered":"","protected":false},"author":1,"featured_media":0,"parent":0,"menu_order":0,"comment_status":"closed","ping_status":"closed","template":"","meta":{"footnotes":""},"_links":{"self":[{"href":"https:\/\/distrifox.be\/index.php\/wp-json\/wp\/v2\/pages\/767"}],"collection":[{"href":"https:\/\/distrifox.be\/index.php\/wp-json\/wp\/v2\/pages"}],"about":[{"href":"https:\/\/distrifox.be\/index.php\/wp-json\/wp\/v2\/types\/page"}],"author":[{"embeddable":true,"href":"https:\/\/distrifox.be\/index.php\/wp-json\/wp\/v2\/users\/1"}],"replies":[{"embeddable":true,"href":"https:\/\/distrifox.be\/index.php\/wp-json\/wp\/v2\/comments?post=767"}],"version-history":[{"count":4,"href":"https:\/\/distrifox.be\/index.php\/wp-json\/wp\/v2\/pages\/767\/revisions"}],"predecessor-version":[{"id":1691,"href":"https:\/\/distrifox.be\/index.php\/wp-json\/wp\/v2\/pages\/767\/revisions\/1691"}],"wp:attachment":[{"href":"https:\/\/distrifox.be\/index.php\/wp-json\/wp\/v2\/media?parent=767"}],"curies":[{"name":"wp","href":"https:\/\/api.w.org\/{rel}","templated":true}]}}