{"id":764,"date":"2019-10-09T14:20:39","date_gmt":"2019-10-09T12:20:39","guid":{"rendered":"http:\/\/distrifox.be\/?page_id=764"},"modified":"2023-04-17T19:42:50","modified_gmt":"2023-04-17T17:42:50","slug":"e-board-vandersanden-distrifox","status":"publish","type":"page","link":"https:\/\/distrifox.be\/index.php\/e-board-vandersanden-distrifox\/","title":{"rendered":"E-board"},"content":{"rendered":"<p><div class=\"fusion-fullwidth fullwidth-box nonhundred-percent-fullwidth non-hundred-percent-height-scrolling\"  style='background-color: rgba(255,255,255,0);background-position: center center;background-repeat: no-repeat;padding-top:0px;padding-right:0px;padding-bottom:0px;padding-left:0px;'><div class=\"fusion-builder-row fusion-row \"><div  class=\"fusion-layout-column fusion_builder_column fusion_builder_column_1_1 fusion-builder-column-1 fusion-one-full fusion-column-first fusion-column-last 1_1\"  style='margin-top:0px;margin-bottom:20px;'>\n\t\t\t\t\t<div class=\"fusion-column-wrapper\" style=\"padding: 0px 0px 0px 0px;background-position:left top;background-repeat:no-repeat;-webkit-background-size:cover;-moz-background-size:cover;-o-background-size:cover;background-size:cover;\"   data-bg-url=\"\">\n\t\t\t\t\t\t<div class=\"fusion-text\"><div class=\"Heading_2\">\n<h3 class=\"xr_tl Heading_2\" style=\"text-align: center;\"><span id=\"paneltext1\">Par Vandersanden Group<\/span><\/h3>\n<p><span class=\"xr_tc Quote_Light Quote\">La solution optimale pour les RENOVATIONS et les NOUVELLES CONSTRUCTIONS <\/span><strong><span class=\"xr_tc Quote_Light Quote\">L\u2019intemporel de la brique de qualit\u00e9 associ\u00e9 \u00e0 une isolation la plus performante<\/span><\/strong><\/p>\n<p><img loading=\"lazy\" decoding=\"async\" class=\"size-full wp-image-1508 aligncenter\" src=\"https:\/\/distrifox.be\/wp-content\/uploads\/2019\/10\/4406.jpg\" alt=\"\" width=\"500\" height=\"360\" srcset=\"https:\/\/distrifox.be\/wp-content\/uploads\/2019\/10\/4406-200x144.jpg 200w, https:\/\/distrifox.be\/wp-content\/uploads\/2019\/10\/4406-300x216.jpg 300w, https:\/\/distrifox.be\/wp-content\/uploads\/2019\/10\/4406-400x288.jpg 400w, https:\/\/distrifox.be\/wp-content\/uploads\/2019\/10\/4406.jpg 500w\" sizes=\"(max-width: 500px) 100vw, 500px\" \/><\/p>\n<p><span class=\"xr_tc Text\">En optant pour le syst\u00e8me E-BOARD de Vandersanden ; vous isolez et parachevez vos murs ext\u00e9rieurs en une seule op\u00e9ration. <\/span><span class=\"xr_tc Text\">Ainsi, votre maison consommera moins d\u2019\u00e9nergie et vous jouirez en m\u00eame temps d\u2019une magnifique nouvelle fa\u00e7ade en briques. <\/span><span class=\"xr_tc Text\">Aucun autre syst\u00e8me d\u2019isolation pour la fa\u00e7ade ext\u00e9rieure ne procure un r\u00e9sultat final aussi beau et durable.<\/span><\/p>\n<h2 class=\"xr_tl Heading_2\" style=\"text-align: center;\">Distrifox vous propose une offre compl\u00e8te<\/h2>\n<p><img loading=\"lazy\" decoding=\"async\" class=\"size-full wp-image-4148 aligncenter\" src=\"https:\/\/distrifox.be\/wp-content\/uploads\/2023\/04\/E-board-Vandersanden-Distrifox.jpg\" alt=\"\" width=\"756\" height=\"484\" srcset=\"https:\/\/distrifox.be\/wp-content\/uploads\/2023\/04\/E-board-Vandersanden-Distrifox-200x128.jpg 200w, https:\/\/distrifox.be\/wp-content\/uploads\/2023\/04\/E-board-Vandersanden-Distrifox-300x192.jpg 300w, https:\/\/distrifox.be\/wp-content\/uploads\/2023\/04\/E-board-Vandersanden-Distrifox-400x256.jpg 400w, https:\/\/distrifox.be\/wp-content\/uploads\/2023\/04\/E-board-Vandersanden-Distrifox-460x295.jpg 460w, https:\/\/distrifox.be\/wp-content\/uploads\/2023\/04\/E-board-Vandersanden-Distrifox-600x384.jpg 600w, https:\/\/distrifox.be\/wp-content\/uploads\/2023\/04\/E-board-Vandersanden-Distrifox.jpg 756w\" sizes=\"(max-width: 756px) 100vw, 756px\" \/><\/p>\n<p><img loading=\"lazy\" decoding=\"async\" class=\"alignnone size-full wp-image-1510 aligncenter\" src=\"https:\/\/distrifox.be\/wp-content\/uploads\/2019\/10\/8470.jpg\" alt=\"\" width=\"900\" height=\"464\" srcset=\"https:\/\/distrifox.be\/wp-content\/uploads\/2019\/10\/8470-200x103.jpg 200w, https:\/\/distrifox.be\/wp-content\/uploads\/2019\/10\/8470-300x155.jpg 300w, https:\/\/distrifox.be\/wp-content\/uploads\/2019\/10\/8470-400x206.jpg 400w, https:\/\/distrifox.be\/wp-content\/uploads\/2019\/10\/8470-600x309.jpg 600w, https:\/\/distrifox.be\/wp-content\/uploads\/2019\/10\/8470-768x396.jpg 768w, https:\/\/distrifox.be\/wp-content\/uploads\/2019\/10\/8470-800x412.jpg 800w, https:\/\/distrifox.be\/wp-content\/uploads\/2019\/10\/8470.jpg 900w\" sizes=\"(max-width: 900px) 100vw, 900px\" \/><\/p>\n<\/div>\n<\/div><div class=\"fusion-clearfix\"><\/div>\n\n\t\t\t\t\t<\/div>\n\t\t\t\t<\/div><\/div><\/div><div class=\"fusion-fullwidth fullwidth-box nonhundred-percent-fullwidth non-hundred-percent-height-scrolling\"  style='background-color: rgba(255,255,255,0);background-position: center center;background-repeat: no-repeat;padding-top:0px;padding-right:0px;padding-bottom:0px;padding-left:0px;'><div class=\"fusion-builder-row fusion-row \"><div  class=\"fusion-layout-column fusion_builder_column fusion_builder_column_3_4 fusion-builder-column-2 fusion-three-fourth fusion-column-first 3_4\"  style='margin-top:0px;margin-bottom:20px;width:75%;width:calc(75% - ( ( 4% ) * 0.75 ) );margin-right: 4%;'>\n\t\t\t\t\t<div class=\"fusion-column-wrapper\" style=\"padding: 0px 0px 0px 0px;background-position:left top;background-repeat:no-repeat;-webkit-background-size:cover;-moz-background-size:cover;-o-background-size:cover;background-size:cover;\"   data-bg-url=\"\">\n\t\t\t\t\t\t<div class=\"fusion-text\"><h3>Pourquoi isoler les murs ext\u00e9rieurs ?<\/h3>\n<p><span class=\"xr_tl Normal_Text\">Vous le savez, parce que la plus grande partie de la chaleur s\u2019\u00e9chappe par les murs et par le toit.<\/span><span class=\"xr_tl Normal_Text\">En effet : en moyenne, 26% de la chaleur d\u2019une habitation s\u2019\u00e9chappe par les murs, 26% par le toit, 20% <\/span><span class=\"xr_tl Normal_Text\">par les fen\u00eatres et les portes, 15% par le sol et 13% par suite du renouvellement de l\u2019air et des pertes <\/span><span class=\"xr_tl Normal_Text\">li\u00e9es \u00e0 la ventilation.<\/span><\/p>\n<p><span class=\"xr_tl Normal_Text\">Optez donc sans h\u00e9siter\u00a0 pour l\u2019isolation des fa\u00e7ades ext\u00e9rieures avec le syst\u00e8me E-BOARD.<\/span><span class=\"xr_tl Normal_Text\">Tous les ponts thermiques peuvent ainsi \u00eatre \u00e9limin\u00e9s et vous pouvez choisir vous-m\u00eame l\u2019\u00e9paisseur de <\/span><span class=\"xr_tl Normal_Text\">la couche isolante, car nos panneaux d\u2019isolation sont disponibles dans des \u00e9paisseurs pouvant atteindre <\/span><span class=\"xr_tl Normal_Text\">30 cm.<\/span><\/p>\n<\/div><div class=\"fusion-clearfix\"><\/div>\n\n\t\t\t\t\t<\/div>\n\t\t\t\t<\/div><div  class=\"fusion-layout-column fusion_builder_column fusion_builder_column_1_4 fusion-builder-column-3 fusion-one-fourth fusion-column-last 1_4\"  style='margin-top:0px;margin-bottom:20px;width:25%;width:calc(25% - ( ( 4% ) * 0.25 ) );'>\n\t\t\t\t\t<div class=\"fusion-column-wrapper\" style=\"padding: 0px 0px 0px 0px;background-position:left top;background-repeat:no-repeat;-webkit-background-size:cover;-moz-background-size:cover;-o-background-size:cover;background-size:cover;\"   data-bg-url=\"\">\n\t\t\t\t\t\t<span class=\"fusion-imageframe imageframe-none imageframe-1 hover-type-none\"><img loading=\"lazy\" decoding=\"async\" src=\"https:\/\/distrifox.be\/wp-content\/uploads\/2019\/10\/3918.jpg\" width=\"320\" height=\"190\" alt=\"\" title=\"Distrifox Sprl Vandersanden Group E-board\" class=\"img-responsive wp-image-1599\" srcset=\"https:\/\/distrifox.be\/wp-content\/uploads\/2019\/10\/3918-200x119.jpg 200w, https:\/\/distrifox.be\/wp-content\/uploads\/2019\/10\/3918.jpg 320w\" sizes=\"(max-width: 1000px) 100vw, 320px\" \/><\/span><div class=\"fusion-clearfix\"><\/div>\n\n\t\t\t\t\t<\/div>\n\t\t\t\t<\/div><\/div><\/div><div class=\"fusion-fullwidth fullwidth-box nonhundred-percent-fullwidth non-hundred-percent-height-scrolling\"  style='background-color: rgba(255,255,255,0);background-position: center center;background-repeat: no-repeat;padding-top:0px;padding-right:0px;padding-bottom:0px;padding-left:0px;'><div class=\"fusion-builder-row fusion-row \"><div  class=\"fusion-layout-column fusion_builder_column fusion_builder_column_3_4 fusion-builder-column-4 fusion-three-fourth fusion-column-first 3_4\"  style='margin-top:0px;margin-bottom:20px;width:75%;width:calc(75% - ( ( 4% ) * 0.75 ) );margin-right: 4%;'>\n\t\t\t\t\t<div class=\"fusion-column-wrapper\" style=\"padding: 0px 0px 0px 0px;background-position:left top;background-repeat:no-repeat;-webkit-background-size:cover;-moz-background-size:cover;-o-background-size:cover;background-size:cover;\"   data-bg-url=\"\">\n\t\t\t\t\t\t<div class=\"fusion-text\"><h3 data-fontsize=\"27\" data-lineheight=\"40\">Faites appel \u00e0 l\u2019entreprise Distrifox Sprl form\u00e9e par Vandersanden!<\/h3>\n<p>Avec ce syst\u00e8me pratique, vous pouvez isoler votre fa\u00e7ade et la parachever en m\u00eame temps. Le r\u00e9sultat est une habitation confortable et une fa\u00e7ade toute neuve en briques.La base du kit E-BOARD, c\u2019est un panneau d\u2019isolation \u00e0 hautes performances combin\u00e9 avec des plaquettes de briques et la mise en oeuvre par des professionnels exp\u00e9riment\u00e9s form\u00e9s par Vandersanden.<\/p>\n<\/div><div class=\"fusion-clearfix\"><\/div>\n\n\t\t\t\t\t<\/div>\n\t\t\t\t<\/div><div  class=\"fusion-layout-column fusion_builder_column fusion_builder_column_1_4 fusion-builder-column-5 fusion-one-fourth fusion-column-last 1_4\"  style='margin-top:0px;margin-bottom:20px;width:25%;width:calc(25% - ( ( 4% ) * 0.25 ) );'>\n\t\t\t\t\t<div class=\"fusion-column-wrapper\" style=\"padding: 0px 0px 0px 0px;background-position:left top;background-repeat:no-repeat;-webkit-background-size:cover;-moz-background-size:cover;-o-background-size:cover;background-size:cover;\"   data-bg-url=\"\">\n\t\t\t\t\t\t<span class=\"fusion-imageframe imageframe-none imageframe-2 hover-type-none\"><img loading=\"lazy\" decoding=\"async\" src=\"https:\/\/distrifox.be\/wp-content\/uploads\/2019\/10\/3920.jpg\" width=\"320\" height=\"228\" alt=\"\" title=\"Installation E-board Distrifox Sprl Vandersanden Group\" class=\"img-responsive wp-image-1601\" srcset=\"https:\/\/distrifox.be\/wp-content\/uploads\/2019\/10\/3920-200x143.jpg 200w, https:\/\/distrifox.be\/wp-content\/uploads\/2019\/10\/3920.jpg 320w\" sizes=\"(max-width: 1000px) 100vw, 320px\" \/><\/span><div class=\"fusion-clearfix\"><\/div>\n\n\t\t\t\t\t<\/div>\n\t\t\t\t<\/div><\/div><\/div><div class=\"fusion-fullwidth fullwidth-box nonhundred-percent-fullwidth non-hundred-percent-height-scrolling\"  style='background-color: rgba(255,255,255,0);background-position: center center;background-repeat: no-repeat;padding-top:0px;padding-right:0px;padding-bottom:0px;padding-left:0px;'><div class=\"fusion-builder-row fusion-row \"><div  class=\"fusion-layout-column fusion_builder_column fusion_builder_column_3_4 fusion-builder-column-6 fusion-three-fourth fusion-column-first 3_4\"  style='margin-top:0px;margin-bottom:20px;width:75%;width:calc(75% - ( ( 4% ) * 0.75 ) );margin-right: 4%;'>\n\t\t\t\t\t<div class=\"fusion-column-wrapper\" style=\"padding: 0px 0px 0px 0px;background-position:left top;background-repeat:no-repeat;-webkit-background-size:cover;-moz-background-size:cover;-o-background-size:cover;background-size:cover;\"   data-bg-url=\"\">\n\t\t\t\t\t\t<div class=\"fusion-text\"><h3 data-fontsize=\"27\" data-lineheight=\"40\">Choisissez parmi plus de 100 couleurs!<\/h3>\n<p>Vandersanden est r\u00e9put\u00e9e pour sa qualit\u00e9 et l\u2019\u00e9tendue de sa gamme. Pour examiner toutes les teintes et styles de ce riche assortiment, consultez www.vandersandengroup.be ou visitez leur salle d\u2019exposition.La soci\u00e9t\u00e9 Vandersanden fournira avec plaisir des \u00e9chantillons gratuits de vos briques favorites.Vous pouvez \u00e9galement demander des adresses de r\u00e9f\u00e9rences dans votre r\u00e9gion<\/p>\n<\/div><div class=\"fusion-clearfix\"><\/div>\n\n\t\t\t\t\t<\/div>\n\t\t\t\t<\/div><div  class=\"fusion-layout-column fusion_builder_column fusion_builder_column_1_4 fusion-builder-column-7 fusion-one-fourth fusion-column-last 1_4\"  style='margin-top:0px;margin-bottom:20px;width:25%;width:calc(25% - ( ( 4% ) * 0.25 ) );'>\n\t\t\t\t\t<div class=\"fusion-column-wrapper\" style=\"padding: 0px 0px 0px 0px;background-position:left top;background-repeat:no-repeat;-webkit-background-size:cover;-moz-background-size:cover;-o-background-size:cover;background-size:cover;\"   data-bg-url=\"\">\n\t\t\t\t\t\t<span class=\"fusion-imageframe imageframe-none imageframe-3 hover-type-none\"><img loading=\"lazy\" decoding=\"async\" src=\"https:\/\/distrifox.be\/wp-content\/uploads\/2019\/10\/3922.jpg\" width=\"320\" height=\"228\" alt=\"\" title=\"Plaquettes de briques e-board vandersanden Distrifox Sprl\" class=\"img-responsive wp-image-1604\" srcset=\"https:\/\/distrifox.be\/wp-content\/uploads\/2019\/10\/3922-200x143.jpg 200w, https:\/\/distrifox.be\/wp-content\/uploads\/2019\/10\/3922.jpg 320w\" sizes=\"(max-width: 1000px) 100vw, 320px\" \/><\/span><div class=\"fusion-clearfix\"><\/div>\n\n\t\t\t\t\t<\/div>\n\t\t\t\t<\/div><\/div><\/div><div class=\"fusion-fullwidth fullwidth-box nonhundred-percent-fullwidth non-hundred-percent-height-scrolling\"  style='background-color: rgba(255,255,255,0);background-position: center center;background-repeat: no-repeat;padding-top:0px;padding-right:0px;padding-bottom:0px;padding-left:0px;'><div class=\"fusion-builder-row fusion-row \"><div  class=\"fusion-layout-column fusion_builder_column fusion_builder_column_1_5 fusion-builder-column-8 fusion-one-fifth fusion-column-first 1_5\"  style='margin-top:0px;margin-bottom:20px;width:20%;width:calc(20% - ( ( 4% + 4% ) * 0.2 ) );margin-right: 4%;'>\n\t\t\t\t\t<div class=\"fusion-column-wrapper\" style=\"padding: 0px 0px 0px 0px;background-position:left top;background-repeat:no-repeat;-webkit-background-size:cover;-moz-background-size:cover;-o-background-size:cover;background-size:cover;\"   data-bg-url=\"\">\n\t\t\t\t\t\t<div class=\"fusion-clearfix\"><\/div>\n\n\t\t\t\t\t<\/div>\n\t\t\t\t<\/div><div  class=\"fusion-layout-column fusion_builder_column fusion_builder_column_3_5 fusion-builder-column-9 fusion-three-fifth 3_5\"  style='margin-top:0px;margin-bottom:20px;width:60%;width:calc(60% - ( ( 4% + 4% ) * 0.6 ) );margin-right: 4%;'>\n\t\t\t\t\t<div class=\"fusion-column-wrapper\" style=\"padding: 0px 0px 0px 0px;background-position:left top;background-repeat:no-repeat;-webkit-background-size:cover;-moz-background-size:cover;-o-background-size:cover;background-size:cover;\"   data-bg-url=\"\">\n\t\t\t\t\t\t<span class=\"fusion-imageframe imageframe-none imageframe-4 hover-type-none\"><img loading=\"lazy\" decoding=\"async\" src=\"https:\/\/distrifox.be\/wp-content\/uploads\/2019\/10\/3935.jpg\" width=\"730\" height=\"486\" alt=\"\" title=\"Installateur E-board &#8211; Show room Vandersanden Group\" class=\"img-responsive wp-image-1602\" srcset=\"https:\/\/distrifox.be\/wp-content\/uploads\/2019\/10\/3935-200x133.jpg 200w, https:\/\/distrifox.be\/wp-content\/uploads\/2019\/10\/3935-400x266.jpg 400w, https:\/\/distrifox.be\/wp-content\/uploads\/2019\/10\/3935-600x399.jpg 600w, https:\/\/distrifox.be\/wp-content\/uploads\/2019\/10\/3935.jpg 730w\" sizes=\"(max-width: 1000px) 100vw, 730px\" \/><\/span><div class=\"fusion-clearfix\"><\/div>\n\n\t\t\t\t\t<\/div>\n\t\t\t\t<\/div><div  class=\"fusion-layout-column fusion_builder_column fusion_builder_column_1_5 fusion-builder-column-10 fusion-one-fifth fusion-column-last 1_5\"  style='margin-top:0px;margin-bottom:20px;width:20%;width:calc(20% - ( ( 4% + 4% ) * 0.2 ) );'>\n\t\t\t\t\t<div class=\"fusion-column-wrapper\" style=\"padding: 0px 0px 0px 0px;background-position:left top;background-repeat:no-repeat;-webkit-background-size:cover;-moz-background-size:cover;-o-background-size:cover;background-size:cover;\"   data-bg-url=\"\">\n\t\t\t\t\t\t<div class=\"fusion-clearfix\"><\/div>\n\n\t\t\t\t\t<\/div>\n\t\t\t\t<\/div><\/div><\/div><div class=\"fusion-fullwidth fullwidth-box nonhundred-percent-fullwidth non-hundred-percent-height-scrolling\"  style='background-color: rgba(255,255,255,0);background-position: center center;background-repeat: no-repeat;padding-top:0px;padding-right:0px;padding-bottom:0px;padding-left:0px;'><div class=\"fusion-builder-row fusion-row \"><div  class=\"fusion-layout-column fusion_builder_column fusion_builder_column_3_4 fusion-builder-column-11 fusion-three-fourth fusion-column-first 3_4\"  style='margin-top:0px;margin-bottom:20px;width:75%;width:calc(75% - ( ( 4% ) * 0.75 ) );margin-right: 4%;'>\n\t\t\t\t\t<div class=\"fusion-column-wrapper\" style=\"padding: 0px 0px 0px 0px;background-position:left top;background-repeat:no-repeat;-webkit-background-size:cover;-moz-background-size:cover;-o-background-size:cover;background-size:cover;\"   data-bg-url=\"\">\n\t\t\t\t\t\t<div class=\"fusion-text\"><h3 data-fontsize=\"27\" data-lineheight=\"40\">Un syst\u00e8me perfectionn\u00e9 offre des avantages importants.<\/h3>\n<p>E-BOARD est la solution intelligente 2 en 1. Fonctionnel et esth\u00e9tiqueAvec le syst\u00e8me E-BOARD vous pouvez choisir parmi diff\u00e9rentes \u00e9paisseurs allant de 40 mm \u00e0 300 mm.<\/p>\n<p>Et si vous le souhaitez, vous pouvez combiner ce syst\u00e8me avec des panneaux d\u2019isolation durs. De cette mani\u00e8re, n\u2019importe quelle valeur d\u2019isolation peut facilement \u00eatre obtenue, m\u00eame celle d\u2019une maison passive (U \u2264 0,15 W\/m\u00b2K pour les murs).Le r\u00e9sultat est une importante \u00e9conomie d\u2019\u00e9nergie et une dur\u00e9e d\u2019amortissement tr\u00e8s courte.<\/p>\n<\/div><div class=\"fusion-clearfix\"><\/div>\n\n\t\t\t\t\t<\/div>\n\t\t\t\t<\/div><div  class=\"fusion-layout-column fusion_builder_column fusion_builder_column_1_4 fusion-builder-column-12 fusion-one-fourth fusion-column-last 1_4\"  style='margin-top:0px;margin-bottom:20px;width:25%;width:calc(25% - ( ( 4% ) * 0.25 ) );'>\n\t\t\t\t\t<div class=\"fusion-column-wrapper\" style=\"padding: 0px 0px 0px 0px;background-position:left top;background-repeat:no-repeat;-webkit-background-size:cover;-moz-background-size:cover;-o-background-size:cover;background-size:cover;\"   data-bg-url=\"\">\n\t\t\t\t\t\t<span class=\"fusion-imageframe imageframe-none imageframe-5 hover-type-none\"><img loading=\"lazy\" decoding=\"async\" src=\"https:\/\/distrifox.be\/wp-content\/uploads\/2019\/10\/4403.png\" width=\"320\" height=\"228\" alt=\"\" title=\"Isolations de fa\u00e7ades e-board Distrifox Sprl\" class=\"img-responsive wp-image-1607\" srcset=\"https:\/\/distrifox.be\/wp-content\/uploads\/2019\/10\/4403-200x143.png 200w, https:\/\/distrifox.be\/wp-content\/uploads\/2019\/10\/4403.png 320w\" sizes=\"(max-width: 1000px) 100vw, 320px\" \/><\/span><div class=\"fusion-clearfix\"><\/div>\n\n\t\t\t\t\t<\/div>\n\t\t\t\t<\/div><\/div><\/div><div class=\"fusion-fullwidth fullwidth-box nonhundred-percent-fullwidth non-hundred-percent-height-scrolling\"  style='background-color: rgba(255,255,255,0);background-position: center center;background-repeat: no-repeat;padding-top:0px;padding-right:0px;padding-bottom:0px;padding-left:0px;'><div class=\"fusion-builder-row fusion-row \"><div  class=\"fusion-layout-column fusion_builder_column fusion_builder_column_3_4 fusion-builder-column-13 fusion-three-fourth fusion-column-first 3_4\"  style='margin-top:0px;margin-bottom:20px;width:75%;width:calc(75% - ( ( 4% ) * 0.75 ) );margin-right: 4%;'>\n\t\t\t\t\t<div class=\"fusion-column-wrapper\" style=\"padding: 0px 0px 0px 0px;background-position:left top;background-repeat:no-repeat;-webkit-background-size:cover;-moz-background-size:cover;-o-background-size:cover;background-size:cover;\"   data-bg-url=\"\">\n\t\t\t\t\t\t<div class=\"fusion-text\"><h3 data-fontsize=\"27\" data-lineheight=\"40\">E-BOARD ZERO Un autre style &#8211; Innovation des aspects et ambiances.<\/h3>\n<p>E-BOARD ZERO vous permet de cr\u00e9er une fa\u00e7ade en briques exempte de joints.Le SYSTEME E-BOARD a \u00e9t\u00e9 con\u00e7u pour une ma\u00e7onnerie sans joints.Pour une adh\u00e9rence encore meilleure du mortier, les deux surfaces du panneau sont dot\u00e9es d\u2019entailles en queue d\u2019aronde. Le mortier-colle du syst\u00e8me E-BOARD ZERO est plus fonc\u00e9 de fa\u00e7on \u00e0 accentuer les lignes d\u2019ombre de la fa\u00e7ade sans joints.<\/p>\n<\/div><div class=\"fusion-clearfix\"><\/div>\n\n\t\t\t\t\t<\/div>\n\t\t\t\t<\/div><div  class=\"fusion-layout-column fusion_builder_column fusion_builder_column_1_4 fusion-builder-column-14 fusion-one-fourth fusion-column-last 1_4\"  style='margin-top:0px;margin-bottom:20px;width:25%;width:calc(25% - ( ( 4% ) * 0.25 ) );'>\n\t\t\t\t\t<div class=\"fusion-column-wrapper\" style=\"padding: 0px 0px 0px 0px;background-position:left top;background-repeat:no-repeat;-webkit-background-size:cover;-moz-background-size:cover;-o-background-size:cover;background-size:cover;\"   data-bg-url=\"\">\n\t\t\t\t\t\t<span class=\"fusion-imageframe imageframe-none imageframe-6 hover-type-none\"><img loading=\"lazy\" decoding=\"async\" src=\"https:\/\/distrifox.be\/wp-content\/uploads\/2019\/10\/3926.jpg\" width=\"320\" height=\"228\" alt=\"\" title=\"plaquettes de briques de fa\u00e7ades e-board vandersanden Distrifox Sprl\" class=\"img-responsive wp-image-1608\" srcset=\"https:\/\/distrifox.be\/wp-content\/uploads\/2019\/10\/3926-200x143.jpg 200w, https:\/\/distrifox.be\/wp-content\/uploads\/2019\/10\/3926.jpg 320w\" sizes=\"(max-width: 1000px) 100vw, 320px\" \/><\/span><div class=\"fusion-clearfix\"><\/div>\n\n\t\t\t\t\t<\/div>\n\t\t\t\t<\/div><\/div><\/div><div class=\"fusion-fullwidth fullwidth-box nonhundred-percent-fullwidth non-hundred-percent-height-scrolling\"  style='background-color: rgba(255,255,255,0);background-position: center center;background-repeat: no-repeat;padding-top:0px;padding-right:0px;padding-bottom:0px;padding-left:0px;'><div class=\"fusion-builder-row fusion-row \"><div  class=\"fusion-layout-column fusion_builder_column fusion_builder_column_3_4 fusion-builder-column-15 fusion-three-fourth fusion-column-first 3_4\"  style='margin-top:0px;margin-bottom:20px;width:75%;width:calc(75% - ( ( 4% ) * 0.75 ) );margin-right: 4%;'>\n\t\t\t\t\t<div class=\"fusion-column-wrapper\" style=\"padding: 0px 0px 0px 0px;background-position:left top;background-repeat:no-repeat;-webkit-background-size:cover;-moz-background-size:cover;-o-background-size:cover;background-size:cover;\"   data-bg-url=\"\">\n\t\t\t\t\t\t<div class=\"fusion-text\"><h3 data-fontsize=\"27\" data-lineheight=\"40\">Besoin de toucher les briques?<\/h3>\n<p>Nous pouvons vous fournir les \u00e9chantillons de votre brique ou les adresses des show-room Vandersanden sur simple demande.<\/p>\n<\/div><div class=\"fusion-clearfix\"><\/div>\n\n\t\t\t\t\t<\/div>\n\t\t\t\t<\/div><div  class=\"fusion-layout-column fusion_builder_column fusion_builder_column_1_4 fusion-builder-column-16 fusion-one-fourth fusion-column-last 1_4\"  style='margin-top:0px;margin-bottom:20px;width:25%;width:calc(25% - ( ( 4% ) * 0.25 ) );'>\n\t\t\t\t\t<div class=\"fusion-column-wrapper\" style=\"padding: 0px 0px 0px 0px;background-position:left top;background-repeat:no-repeat;-webkit-background-size:cover;-moz-background-size:cover;-o-background-size:cover;background-size:cover;\"   data-bg-url=\"\">\n\t\t\t\t\t\t<span class=\"fusion-imageframe imageframe-none imageframe-7 hover-type-none\"><img loading=\"lazy\" decoding=\"async\" src=\"https:\/\/distrifox.be\/wp-content\/uploads\/2019\/10\/3996-1.jpg\" width=\"320\" height=\"228\" alt=\"\" title=\"Installation e-board Vandersanden Group\" class=\"img-responsive wp-image-1610\" srcset=\"https:\/\/distrifox.be\/wp-content\/uploads\/2019\/10\/3996-1-200x143.jpg 200w, https:\/\/distrifox.be\/wp-content\/uploads\/2019\/10\/3996-1.jpg 320w\" sizes=\"(max-width: 1000px) 100vw, 320px\" \/><\/span><div class=\"fusion-clearfix\"><\/div>\n\n\t\t\t\t\t<\/div>\n\t\t\t\t<\/div><\/div><\/div><\/p>\n","protected":false},"excerpt":{"rendered":"","protected":false},"author":1,"featured_media":0,"parent":0,"menu_order":0,"comment_status":"closed","ping_status":"closed","template":"","meta":{"footnotes":""},"_links":{"self":[{"href":"https:\/\/distrifox.be\/index.php\/wp-json\/wp\/v2\/pages\/764"}],"collection":[{"href":"https:\/\/distrifox.be\/index.php\/wp-json\/wp\/v2\/pages"}],"about":[{"href":"https:\/\/distrifox.be\/index.php\/wp-json\/wp\/v2\/types\/page"}],"author":[{"embeddable":true,"href":"https:\/\/distrifox.be\/index.php\/wp-json\/wp\/v2\/users\/1"}],"replies":[{"embeddable":true,"href":"https:\/\/distrifox.be\/index.php\/wp-json\/wp\/v2\/comments?post=764"}],"version-history":[{"count":9,"href":"https:\/\/distrifox.be\/index.php\/wp-json\/wp\/v2\/pages\/764\/revisions"}],"predecessor-version":[{"id":4149,"href":"https:\/\/distrifox.be\/index.php\/wp-json\/wp\/v2\/pages\/764\/revisions\/4149"}],"wp:attachment":[{"href":"https:\/\/distrifox.be\/index.php\/wp-json\/wp\/v2\/media?parent=764"}],"curies":[{"name":"wp","href":"https:\/\/api.w.org\/{rel}","templated":true}]}}